{"id":80,"date":"2020-06-02T07:35:11","date_gmt":"2020-06-02T07:35:11","guid":{"rendered":"https:\/\/www.gesevo.de\/?page_id=80"},"modified":"2024-12-10T19:18:43","modified_gmt":"2024-12-10T19:18:43","slug":"impressumn","status":"publish","type":"page","link":"https:\/\/www.gesevo.de\/index.php\/impressumn\/","title":{"rendered":"Impressum"},"content":{"rendered":"\n<p><strong>Angaben gem\u00e4\u00df \u00a7 5 TMG:<\/strong><br><strong>GESEVO-GSV GmbH &amp; Co. KG<\/strong><br>L\u00f6ninger Stra\u00dfe 66<br>49661 Cloppenburg<br>Telefon: 04471 \/ 965-0<br>e-mail: grossebeilage@gesevo.de<br><br>Sitz der Gesellschaft: 49661 Cloppenburg<br>Registergericht: Oldenburg<br>Registernummer: HRA 208335<br>Ust.-Id.-Nr.: DE366381463<strong><br><\/strong><br><br><strong>Komplement\u00e4re<\/strong><br>GESEVO-GSV Verwaltungs-GmbH<br>Sitz der Gesellschaft: 49661 Cloppenburg<br>Registergericht: Oldenburg<br>HRB 220526<br>Ust.-Id.-Nr.: DE366381471<br>Gesch\u00e4ftsf\u00fchrer:<br>Dr. Thomas gro\u00dfe Beilage<br>Bernd Suilmann<br>Dieter Oltmann<br>Lambert Hurink<br>Elfriede Werdermann<\/p>\n\n\n\n<p><\/p>\n\n\n\n<p><strong><a href=\"https:\/\/www.gesevo.de\/index.php\/datenschutz\/\">Datenschutz<\/a><\/strong><br><strong>Haftungsausschluss<br><\/strong><strong>1. Inhalt des Onlineangebotes<br><\/strong> Der Autor \u00fcbernimmt keinerlei Gew\u00e4hr f\u00fcr die Aktualit\u00e4t, Korrektheit,<br>Vollst\u00e4ndigkeit oder Qualit\u00e4t der bereitgestellten Informationen.<br>Haftungsanspr\u00fcche gegen den Autor, welche sich auf Sch\u00e4den materieller<br>oder ideeller Art beziehen, die durch die Nutzung oder Nichtnutzung der<br>dargebotenen Informationen bzw. durch die Nutzung fehlerhafter und<br>unvollst\u00e4ndiger Informationen verursacht wurden, sind grunds\u00e4tzlich<br>ausgeschlossen, sofern seitens des Autors kein nachweislich vors\u00e4tzliches oder<br>grob fahrl\u00e4ssiges Verschulden vorliegt.<br>Alle Angebote sind freibleibend und unverbindlich. Der Autor beh\u00e4lt es sich<br>ausdr\u00fccklich vor, Teile der Seiten oder das gesamte Angebot ohne gesonderte<br>Ank\u00fcndigung zu ver\u00e4ndern, zu erg\u00e4nzen, zu l\u00f6schen oder die Ver\u00f6ffentlichung<br>zeitweise oder endg\u00fcltig einzustellen.<br><\/p>\n\n\n\n<p><strong>2. Verweise und Links<br><\/strong> Bei direkten oder indirekten Verweisen auf fremde Webseiten (&#8222;Hyperlinks&#8220;),<br>die au\u00dferhalb des Verantwortungsbereiches des Autors liegen, w\u00fcrde eine<br>Haftungsverpflichtung ausschlie\u00dflich in dem Fall in Kraft treten, in dem der<br>Autor von den Inhalten Kenntnis hat und es ihm technisch m\u00f6glich und<br>zumutbar w\u00e4re, die Nutzung im Falle rechtswidriger Inhalte zu verhindern.<br>Der Autor erkl\u00e4rt hiermit ausdr\u00fccklich, dass zum Zeitpunkt der Linksetzung<br>keine illegalen Inhalte auf den zu verlinkenden Seiten erkennbar waren. Auf<br>die aktuelle und zuk\u00fcnftige Gestaltung, die Inhalte oder die Urheberschaft der<br>verlinkten\/verkn\u00fcpften Seiten hat der Autor keinerlei Einfluss. Deshalb<br>distanziert er sich hiermit ausdr\u00fccklich von allen Inhalten aller verlinkten<br>\/ verkn\u00fcpften Seiten, die nach der Linksetzung ver\u00e4ndert wurden. Diese<br>Feststellung gilt f\u00fcr alle innerhalb des eigenen Internetangebotes gesetzten<br>Links und Verweise sowie f\u00fcr Fremdeintr\u00e4ge in vom Autor eingerichteten<br>G\u00e4steb\u00fcchern, Diskussionsforen, Linkverzeichnissen, Mailinglisten und in allen<br>anderen Formen von Datenbanken, auf deren Inhalt externe Schreibzugriffe<br>m\u00f6glich sind. F\u00fcr illegale, fehlerhafte oder unvollst\u00e4ndige Inhalte und<br>insbesondere f\u00fcr Sch\u00e4den, die aus der Nutzung oder Nichtnutzung solcherart<br>dargebotener Informationen entstehen, haftet allein der Anbieter der Seite,<br>auf welche verwiesen wurde, nicht derjenige, der \u00fcber Links auf die jeweilige<br>Ver\u00f6ffentlichung lediglich verweist.<br><\/p>\n\n\n\n<p><strong>3. Urheber- und Kennzeichenrecht<br><\/strong> Der Autor ist bestrebt, in allen Publikationen die Urheberrechte der<br>verwendeten Bilder, Grafiken, Tondokumente, Videosequenzen und Texte zu<br>beachten, von ihm selbst erstellte Bilder, Grafiken, Tondokumente,<br>Videosequenzen und Texte zu nutzen oder auf lizenzfreie Grafiken,<br>Tondokumente, Videosequenzen und Texte zur\u00fcckzugreifen.<br>Alle innerhalb des Internetangebotes genannten und ggf. durch Dritte<br>gesch\u00fctzten Marken- und Warenzeichen unterliegen uneingeschr\u00e4nkt den<br>Bestimmungen des jeweils g\u00fcltigen Kennzeichenrechts und den Besitzrechten<br>der jeweiligen eingetragenen Eigent\u00fcmer. Allein aufgrund der blo\u00dfen<br>Nennung ist nicht der Schluss zu ziehen, dass Markenzeichen nicht durch<br>Rechte Dritter gesch\u00fctzt sind!<br>Das Copyright f\u00fcr ver\u00f6ffentlichte, vom Autor selbst erstellte Objekte bleibt<br>allein beim Autor der Seiten. Eine Vervielf\u00e4ltigung oder Verwendung solcher<br>Grafiken, Tondokumente, Videosequenzen und Texte in anderen<br>elektronischen oder gedruckten Publikationen ist ohne ausdr\u00fcckliche<br>Zustimmung des Autors nicht gestattet.<br><\/p>\n\n\n\n<p><strong>4. Datenschutz<br><\/strong> Sofern innerhalb des Internetangebotes die M\u00f6glichkeit zur Eingabe<br>pers\u00f6nlicher oder gesch\u00e4ftlicher Daten (Emailadressen, Namen, Anschriften)<br>besteht, so erfolgt die Preisgabe dieser Daten seitens des Nutzers auf<br>ausdr\u00fccklich freiwilliger Basis. Die Inanspruchnahme und Bezahlung aller<br>angebotenen Dienste ist &#8211; soweit technisch m\u00f6glich und zumutbar &#8211; auch ohne<br>Angabe solcher Daten bzw. unter Angabe anonymisierter Daten oder eines<br>Pseudonyms gestattet. Die Nutzung der im Rahmen des Impressums oder<br>vergleichbarer Angaben ver\u00f6ffentlichten Kontaktdaten wie Postanschriften,<br>Telefon- und Faxnummern sowie Emailadressen durch Dritte zur \u00dcbersendung<br>von nicht ausdr\u00fccklich angeforderten Informationen ist nicht gestattet.<br>Rechtliche Schritte gegen die Versender von sogenannten Spam-Mails<br>bei Verst\u00f6ssen gegen dieses Verbot sind ausdr\u00fccklich vorbehalten.<strong>5. Rechtswirksamkeit dieses Haftungsausschlusses<br><\/strong> Dieser Haftungsausschluss ist als Teil des Internetangebotes zu betrachten,<br>von dem aus auf diese Seite verwiesen wurde. Sofern Teile oder einzelne<br>Formulierungen dieses Textes der geltenden Rechtslage nicht, nicht mehr<br>oder nicht vollst\u00e4ndig entsprechen sollten, bleiben die \u00fcbrigen Teile des<br>Dokumentes in ihrem Inhalt und ihrer G\u00fcltigkeit davon unber\u00fchrt.<\/p>\n","protected":false},"excerpt":{"rendered":"<p>Angaben gem\u00e4\u00df \u00a7 5 TMG:GESEVO-GSV GmbH &amp; Co. KGL\u00f6ninger Stra\u00dfe 6649661 CloppenburgTelefon: 04471 \/ 965-0e-mail: grossebeilage@gesevo.de Sitz der Gesellschaft: 49661 CloppenburgRegistergericht: OldenburgRegisternummer: HRA 208335Ust.-Id.-Nr.: DE366381463 Komplement\u00e4reGESEVO-GSV Verwaltungs-GmbHSitz der Gesellschaft: 49661 CloppenburgRegistergericht: OldenburgHRB 220526Ust.-Id.-Nr.: DE366381471Gesch\u00e4ftsf\u00fchrer:Dr. Thomas gro\u00dfe BeilageBernd SuilmannDieter OltmannLambert HurinkElfriede Werdermann DatenschutzHaftungsausschluss1. Inhalt des Onlineangebotes Der Autor \u00fcbernimmt keinerlei Gew\u00e4hr f\u00fcr die Aktualit\u00e4t, Korrektheit,Vollst\u00e4ndigkeit oder [&hellip;]<\/p>\n","protected":false},"author":1,"featured_media":0,"parent":0,"menu_order":0,"comment_status":"closed","ping_status":"closed","template":"","meta":{"footnotes":""},"class_list":["post-80","page","type-page","status-publish","hentry"],"_links":{"self":[{"href":"https:\/\/www.gesevo.de\/index.php\/wp-json\/wp\/v2\/pages\/80","targetHints":{"allow":["GET"]}}],"collection":[{"href":"https:\/\/www.gesevo.de\/index.php\/wp-json\/wp\/v2\/pages"}],"about":[{"href":"https:\/\/www.gesevo.de\/index.php\/wp-json\/wp\/v2\/types\/page"}],"author":[{"embeddable":true,"href":"https:\/\/www.gesevo.de\/index.php\/wp-json\/wp\/v2\/users\/1"}],"replies":[{"embeddable":true,"href":"https:\/\/www.gesevo.de\/index.php\/wp-json\/wp\/v2\/comments?post=80"}],"version-history":[{"count":8,"href":"https:\/\/www.gesevo.de\/index.php\/wp-json\/wp\/v2\/pages\/80\/revisions"}],"predecessor-version":[{"id":172,"href":"https:\/\/www.gesevo.de\/index.php\/wp-json\/wp\/v2\/pages\/80\/revisions\/172"}],"wp:attachment":[{"href":"https:\/\/www.gesevo.de\/index.php\/wp-json\/wp\/v2\/media?parent=80"}],"curies":[{"name":"wp","href":"https:\/\/api.w.org\/{rel}","templated":true}]}}