{"id":41,"date":"2020-05-29T12:06:14","date_gmt":"2020-05-29T12:06:14","guid":{"rendered":"https:\/\/www.gesevo.de\/?page_id=41"},"modified":"2024-12-10T18:41:09","modified_gmt":"2024-12-10T18:41:09","slug":"sonstige-aktivitaeten","status":"publish","type":"page","link":"https:\/\/www.gesevo.de\/index.php\/sonstige-aktivitaeten\/","title":{"rendered":"Sonstige Aktivit\u00e4ten"},"content":{"rendered":"\n<p><strong>GESEVO-GSV<\/strong> kann auch in Notf\u00e4llen au\u00dferhalb der Tierseuchenbek\u00e4mpfung Hilfseins\u00e4tze organisieren:<\/p>\n\n\n\n<ul class=\"wp-block-list\">\n<li>Bergung von Tieren bei Verkehrsunf\u00e4llen<\/li>\n\n\n\n<li>Bergung von Tieren bei Stallbr\u00e4nden oder anderen Notf\u00e4llen<\/li>\n\n\n\n<li>R\u00e4umungen von Tierbest\u00e4nden im Falle nicht bek\u00e4mpfungspflichtiger, aber auch nicht therapierbarer Erkrankungen (z.B. Schwarzkopfkrankheit, Botulismus, Salmonellose).<\/li>\n<\/ul>\n\n\n\n<p>Bitte melden Sie sich in diesen F\u00e4llen umgehend telefonisch unter unserer Notfallnummer und teilen Sie uns Ihre Kontaktdaten mit.<\/p>\n\n\n\n<p><\/p>\n\n\n\n<p><\/p>\n","protected":false},"excerpt":{"rendered":"<p>GESEVO-GSV kann auch in Notf\u00e4llen au\u00dferhalb der Tierseuchenbek\u00e4mpfung Hilfseins\u00e4tze organisieren: Bitte melden Sie sich in diesen F\u00e4llen umgehend telefonisch unter unserer Notfallnummer und teilen Sie uns Ihre Kontaktdaten mit.<\/p>\n","protected":false},"author":1,"featured_media":0,"parent":0,"menu_order":0,"comment_status":"closed","ping_status":"closed","template":"","meta":{"footnotes":""},"class_list":["post-41","page","type-page","status-publish","hentry"],"_links":{"self":[{"href":"https:\/\/www.gesevo.de\/index.php\/wp-json\/wp\/v2\/pages\/41","targetHints":{"allow":["GET"]}}],"collection":[{"href":"https:\/\/www.gesevo.de\/index.php\/wp-json\/wp\/v2\/pages"}],"about":[{"href":"https:\/\/www.gesevo.de\/index.php\/wp-json\/wp\/v2\/types\/page"}],"author":[{"embeddable":true,"href":"https:\/\/www.gesevo.de\/index.php\/wp-json\/wp\/v2\/users\/1"}],"replies":[{"embeddable":true,"href":"https:\/\/www.gesevo.de\/index.php\/wp-json\/wp\/v2\/comments?post=41"}],"version-history":[{"count":13,"href":"https:\/\/www.gesevo.de\/index.php\/wp-json\/wp\/v2\/pages\/41\/revisions"}],"predecessor-version":[{"id":166,"href":"https:\/\/www.gesevo.de\/index.php\/wp-json\/wp\/v2\/pages\/41\/revisions\/166"}],"wp:attachment":[{"href":"https:\/\/www.gesevo.de\/index.php\/wp-json\/wp\/v2\/media?parent=41"}],"curies":[{"name":"wp","href":"https:\/\/api.w.org\/{rel}","templated":true}]}}