{"id":39,"date":"2020-05-29T12:06:13","date_gmt":"2020-05-29T12:06:13","guid":{"rendered":"https:\/\/www.gesevo.de\/?page_id=39"},"modified":"2024-12-10T18:40:52","modified_gmt":"2024-12-10T18:40:52","slug":"welche-tierhalter","status":"publish","type":"page","link":"https:\/\/www.gesevo.de\/index.php\/welche-tierhalter\/","title":{"rendered":"Anspruchsberechtigte Tierhalter"},"content":{"rendered":"\n<p><strong>GESEVO-GSV<\/strong> organisiert die Vorsorge f\u00fcr den Seuchenfall im Auftrag der Nieders\u00e4chsischen Tierseuchenkasse und der Tierseuchenkasse von Mecklenburg-Vorpommern.<\/p>\n\n\n\n<p>Anspruch auf Leistungen im Rahmen des Seuchenvorsorgesystems und in Absprache mit der zust\u00e4ndigen Tierseuchenkasse haben:<\/p>\n\n\n\n<ul class=\"wp-block-list\">\n<li>Gefl\u00fcgelhaltungen in Niedersachsen und Bremen, die der Nieders\u00e4chsischen Tierseuchenkasse gemeldet sind.<\/li>\n\n\n\n<li>Gefl\u00fcgelhaltungen in Mecklenburg-Vorpommern, die der Tierseuchenkasse von Mecklenburg-Vorpommern gemeldet sind.<\/li>\n\n\n\n<li>Schweinehaltungen in Niedersachsen und Bremen, die der Nieders\u00e4chsischen Tierseuchenkasse gemeldet sind.<\/li>\n\n\n\n<li>Schweinehaltungen in Mecklenburg-Vorpommern, die der Tierseuchenkasse von Mecklenburg-Vorpommern gemeldet sind.<\/li>\n\n\n\n<li>Wiederk\u00e4uerhaltungen in Niedersachsen und Bremen, die der Nieders\u00e4chsischen Tierseuchenkasse gemeldet sind.<\/li>\n<\/ul>\n\n\n\n<p>In Mecklenburg-Vorpommern besteht kein Anspruch auf die Organisation der Reinigung und Desinfektion von Seuchenbetrieben. Es besteht ebenfalls kein Anspruch auf Leistungen der <strong>GESEVO-GSV<\/strong> im Rahmen der Wiederk\u00e4uervorsorge. Gleichwohl bem\u00fchen wir uns im Rahmen unserer Kapazit\u00e4ten auch f\u00fcr diese F\u00e4lle L\u00f6sungen zu bieten. <\/p>\n\n\n\n<p><br><\/p>\n","protected":false},"excerpt":{"rendered":"<p>GESEVO-GSV organisiert die Vorsorge f\u00fcr den Seuchenfall im Auftrag der Nieders\u00e4chsischen Tierseuchenkasse und der Tierseuchenkasse von Mecklenburg-Vorpommern. Anspruch auf Leistungen im Rahmen des Seuchenvorsorgesystems und in Absprache mit der zust\u00e4ndigen Tierseuchenkasse haben: In Mecklenburg-Vorpommern besteht kein Anspruch auf die Organisation der Reinigung und Desinfektion von Seuchenbetrieben. Es besteht ebenfalls kein Anspruch auf Leistungen der GESEVO-GSV [&hellip;]<\/p>\n","protected":false},"author":1,"featured_media":0,"parent":0,"menu_order":0,"comment_status":"closed","ping_status":"closed","template":"","meta":{"footnotes":""},"class_list":["post-39","page","type-page","status-publish","hentry"],"_links":{"self":[{"href":"https:\/\/www.gesevo.de\/index.php\/wp-json\/wp\/v2\/pages\/39","targetHints":{"allow":["GET"]}}],"collection":[{"href":"https:\/\/www.gesevo.de\/index.php\/wp-json\/wp\/v2\/pages"}],"about":[{"href":"https:\/\/www.gesevo.de\/index.php\/wp-json\/wp\/v2\/types\/page"}],"author":[{"embeddable":true,"href":"https:\/\/www.gesevo.de\/index.php\/wp-json\/wp\/v2\/users\/1"}],"replies":[{"embeddable":true,"href":"https:\/\/www.gesevo.de\/index.php\/wp-json\/wp\/v2\/comments?post=39"}],"version-history":[{"count":4,"href":"https:\/\/www.gesevo.de\/index.php\/wp-json\/wp\/v2\/pages\/39\/revisions"}],"predecessor-version":[{"id":159,"href":"https:\/\/www.gesevo.de\/index.php\/wp-json\/wp\/v2\/pages\/39\/revisions\/159"}],"wp:attachment":[{"href":"https:\/\/www.gesevo.de\/index.php\/wp-json\/wp\/v2\/media?parent=39"}],"curies":[{"name":"wp","href":"https:\/\/api.w.org\/{rel}","templated":true}]}}