{"id":38,"date":"2020-05-29T12:06:13","date_gmt":"2020-05-29T12:06:13","guid":{"rendered":"https:\/\/www.gesevo.de\/?page_id=38"},"modified":"2024-12-10T18:35:17","modified_gmt":"2024-12-10T18:35:17","slug":"schnelle-hilfe","status":"publish","type":"page","link":"https:\/\/www.gesevo.de\/index.php\/schnelle-hilfe\/","title":{"rendered":"Schnelle Hilfe"},"content":{"rendered":"\n<p><strong>Immer erreichbar unter 04473 \/ 926 74 26<\/strong><\/p>\n\n\n\n<p class=\"has-text-align-left\">Tierhalter in Niedersachsen und Mecklenburg-Vorpommern haben Anspruch auf unsere Unterst\u00fctzung im Falle eines Tierseuchenausbruches gem\u00e4\u00df den mit den jeweiligen Tierseuchenkassen abgeschlossenen Vertr\u00e4gen, sofern sie ihre Best\u00e4nde gemeldet haben. Sie erf\u00fcllen damit gleichzeitig ihre gesetzlichen Vorsorgeverpflichtungen.<br>Ein vertraglich gesicherter Anspruch auf unsere Unterst\u00fctzung besteht f\u00fcr Erstausbr\u00fcche. F\u00fcr weitere Ausbr\u00fcche bieten wir die Organisation der R\u00e4umung an, soweit unsere technischen und personellen M\u00f6glichkeiten dies zulassen.<br>Tierhalter au\u00dferhalb unserer Versorgungsgebiete k\u00f6nnen bei Vorhandensein freier Kapazit\u00e4ten ebenfalls unterst\u00fctzt werden. Die <strong>GESEVO-GSV<\/strong> kann im Fall amtlicher T\u00f6tungsanordnungen folgende Aufgaben organisieren:<\/p>\n\n\n\n<ul class=\"wp-block-list\">\n<li>Absicherung des Seuchengeh\u00f6ftes<\/li>\n\n\n\n<li>Aufbau und Betrieb von Fahrzeug- und Personenschleusen<\/li>\n\n\n\n<li>Einleitung der Schadnagerbek\u00e4mpfung<\/li>\n\n\n\n<li>Tierschutzgerechter Zutrieb und T\u00f6tung der betroffenen Tiere <\/li>\n\n\n\n<li>R\u00e4umung des Bestandes und Verladung vor Ort<\/li>\n\n\n\n<li>Reinigung und Desinfektion des Seuchengeh\u00f6ftes bis zur Freigabe durch das Veterin\u00e4ramt<\/li>\n<\/ul>\n\n\n\n<p>Das Personal ist hierf\u00fcr umfassend geschult und arbeitsmedizinisch vorbereitet.<\/p>\n","protected":false},"excerpt":{"rendered":"<p>Immer erreichbar unter 04473 \/ 926 74 26 Tierhalter in Niedersachsen und Mecklenburg-Vorpommern haben Anspruch auf unsere Unterst\u00fctzung im Falle eines Tierseuchenausbruches gem\u00e4\u00df den mit den jeweiligen Tierseuchenkassen abgeschlossenen Vertr\u00e4gen, sofern sie ihre Best\u00e4nde gemeldet haben. Sie erf\u00fcllen damit gleichzeitig ihre gesetzlichen Vorsorgeverpflichtungen.Ein vertraglich gesicherter Anspruch auf unsere Unterst\u00fctzung besteht f\u00fcr Erstausbr\u00fcche. F\u00fcr weitere Ausbr\u00fcche [&hellip;]<\/p>\n","protected":false},"author":1,"featured_media":0,"parent":0,"menu_order":0,"comment_status":"closed","ping_status":"closed","template":"","meta":{"footnotes":""},"class_list":["post-38","page","type-page","status-publish","hentry"],"_links":{"self":[{"href":"https:\/\/www.gesevo.de\/index.php\/wp-json\/wp\/v2\/pages\/38","targetHints":{"allow":["GET"]}}],"collection":[{"href":"https:\/\/www.gesevo.de\/index.php\/wp-json\/wp\/v2\/pages"}],"about":[{"href":"https:\/\/www.gesevo.de\/index.php\/wp-json\/wp\/v2\/types\/page"}],"author":[{"embeddable":true,"href":"https:\/\/www.gesevo.de\/index.php\/wp-json\/wp\/v2\/users\/1"}],"replies":[{"embeddable":true,"href":"https:\/\/www.gesevo.de\/index.php\/wp-json\/wp\/v2\/comments?post=38"}],"version-history":[{"count":10,"href":"https:\/\/www.gesevo.de\/index.php\/wp-json\/wp\/v2\/pages\/38\/revisions"}],"predecessor-version":[{"id":163,"href":"https:\/\/www.gesevo.de\/index.php\/wp-json\/wp\/v2\/pages\/38\/revisions\/163"}],"wp:attachment":[{"href":"https:\/\/www.gesevo.de\/index.php\/wp-json\/wp\/v2\/media?parent=38"}],"curies":[{"name":"wp","href":"https:\/\/api.w.org\/{rel}","templated":true}]}}