{"id":37,"date":"2020-05-29T12:06:12","date_gmt":"2020-05-29T12:06:12","guid":{"rendered":"https:\/\/www.gesevo.de\/?page_id=37"},"modified":"2024-12-10T18:32:56","modified_gmt":"2024-12-10T18:32:56","slug":"startseite","status":"publish","type":"page","link":"https:\/\/www.gesevo.de\/","title":{"rendered":"Willkommen bei GESEVO-GSV"},"content":{"rendered":"\n<p><strong>Immer erreichbar unter 04473 \/ 926 74 26 <\/strong><\/p>\n\n\n\n<p><strong><br><\/strong>Die <strong>GESEVO-GSV<\/strong> GmbH &amp; Co. KG organisiert im Falle des Ausbruches bek\u00e4mpfungspflichtiger Tierseuchen alle Ma\u00dfnahmen zur seuchenhygienischen und tierschutzgerechten R\u00e4umung von Tierbest\u00e4nden. Sie entlastet damit den Tierhalter von seinen Verpflichtungen, denen er im Fall eines Seuchenausbruchs selbst nachkommen m\u00fcsste.<\/p>\n\n\n\n<p>Au\u00dferdem stehen wir bei Not- und Ungl\u00fccksf\u00e4llen zur Verf\u00fcgung.<\/p>\n\n\n\n<p>\u00dcber 15 Jahre wurde das Vorsorgesystem aufgebaut, zuerst f\u00fcr Gefl\u00fcgel, dann f\u00fcr Schweine und zuletzt f\u00fcr Wiederk\u00e4uer. Seit 2023 ist das System f\u00fcr alle gehaltenen Gefl\u00fcgel- und S\u00e4ugetierarten komplett.<\/p>\n\n\n\n<p>Die <strong>GESEVO-GSV<\/strong> ist ein Unternehmen der Tierhalter: Gesellschafter sind die Kreislandvolkverb\u00e4nde Cloppenburg, Oldenburg und Vechta, der Hauptverband des Osnabr\u00fccker Landvolkes, der Landvolkverband Niedersachsen (Landesbauernverband), der Landesverband der Nieders\u00e4chsischen Gefl\u00fcgelwirtschaft (NGW) und die ISN \u2013 Interessengemeinschaft der Schweinehalter.<\/p>\n\n\n\n<p>Die <strong>GESEVO-GSV<\/strong> ist von der Nieders\u00e4chsischen Tierseuchenkasse und der Tierseuchenkasse von Mecklenburg-Vorpommern mit der Organisation von Ma\u00dfnahmen zur Seuchenbek\u00e4mpfung beauftragt. Dadurch haben Tierhalter, die ihre Best\u00e4nde ordnungsgem\u00e4\u00df gemeldet haben, einen Anspruch auf unsere Leistungen, ohne dass wir daf\u00fcr Geb\u00fchren erheben.<\/p>\n","protected":false},"excerpt":{"rendered":"<p>Immer erreichbar unter 04473 \/ 926 74 26 Die GESEVO-GSV GmbH &amp; Co. KG organisiert im Falle des Ausbruches bek\u00e4mpfungspflichtiger Tierseuchen alle Ma\u00dfnahmen zur seuchenhygienischen und tierschutzgerechten R\u00e4umung von Tierbest\u00e4nden. Sie entlastet damit den Tierhalter von seinen Verpflichtungen, denen er im Fall eines Seuchenausbruchs selbst nachkommen m\u00fcsste. Au\u00dferdem stehen wir bei Not- und Ungl\u00fccksf\u00e4llen zur [&hellip;]<\/p>\n","protected":false},"author":1,"featured_media":0,"parent":0,"menu_order":0,"comment_status":"closed","ping_status":"closed","template":"","meta":{"footnotes":""},"class_list":["post-37","page","type-page","status-publish","hentry"],"_links":{"self":[{"href":"https:\/\/www.gesevo.de\/index.php\/wp-json\/wp\/v2\/pages\/37","targetHints":{"allow":["GET"]}}],"collection":[{"href":"https:\/\/www.gesevo.de\/index.php\/wp-json\/wp\/v2\/pages"}],"about":[{"href":"https:\/\/www.gesevo.de\/index.php\/wp-json\/wp\/v2\/types\/page"}],"author":[{"embeddable":true,"href":"https:\/\/www.gesevo.de\/index.php\/wp-json\/wp\/v2\/users\/1"}],"replies":[{"embeddable":true,"href":"https:\/\/www.gesevo.de\/index.php\/wp-json\/wp\/v2\/comments?post=37"}],"version-history":[{"count":8,"href":"https:\/\/www.gesevo.de\/index.php\/wp-json\/wp\/v2\/pages\/37\/revisions"}],"predecessor-version":[{"id":161,"href":"https:\/\/www.gesevo.de\/index.php\/wp-json\/wp\/v2\/pages\/37\/revisions\/161"}],"wp:attachment":[{"href":"https:\/\/www.gesevo.de\/index.php\/wp-json\/wp\/v2\/media?parent=37"}],"curies":[{"name":"wp","href":"https:\/\/api.w.org\/{rel}","templated":true}]}}